{"id":5362,"date":"2025-10-12T10:24:47","date_gmt":"2025-10-12T08:24:47","guid":{"rendered":"https:\/\/haylight.media\/?page_id=5362"},"modified":"2025-10-12T10:59:41","modified_gmt":"2025-10-12T08:59:41","slug":"social-media-news","status":"publish","type":"page","link":"https:\/\/haylight.media\/de\/social-media-news\/","title":{"rendered":"Social Media News"},"content":{"rendered":"\t\t<div data-elementor-type=\"wp-page\" data-elementor-id=\"5362\" class=\"elementor elementor-5362\" data-elementor-post-type=\"page\">\n\t\t\t\t\t\t<section class=\"elementor-section elementor-top-section elementor-element elementor-element-a9c5a96 elementor-section-boxed elementor-section-height-default elementor-section-height-default\" data-id=\"a9c5a96\" data-element_type=\"section\" data-e-type=\"section\">\n\t\t\t\t\t\t<div class=\"elementor-container elementor-column-gap-default\">\n\t\t\t\t\t<div class=\"elementor-column elementor-col-100 elementor-top-column elementor-element elementor-element-51ab4ac\" data-id=\"51ab4ac\" data-element_type=\"column\" data-e-type=\"column\">\n\t\t\t<div class=\"elementor-widget-wrap elementor-element-populated\">\n\t\t\t\t\t\t<div class=\"elementor-element elementor-element-be7ce88 elementor-widget elementor-widget-heading\" data-id=\"be7ce88\" data-element_type=\"widget\" data-e-type=\"widget\" data-widget_type=\"heading.default\">\n\t\t\t\t<div class=\"elementor-widget-container\">\n\t\t\t\t\t<h6 class=\"elementor-heading-title elementor-size-default\">Immer up to date bleiben<\/h6>\t\t\t\t<\/div>\n\t\t\t\t<\/div>\n\t\t\t\t<div class=\"elementor-element elementor-element-1ad427e elementor-widget elementor-widget-heading\" data-id=\"1ad427e\" data-element_type=\"widget\" data-e-type=\"widget\" data-widget_type=\"heading.default\">\n\t\t\t\t<div class=\"elementor-widget-container\">\n\t\t\t\t\t<h2 class=\"elementor-heading-title elementor-size-default\">Social Media News f\u00fcr dein Marketing\n<\/h2>\t\t\t\t<\/div>\n\t\t\t\t<\/div>\n\t\t\t\t<div class=\"elementor-element elementor-element-6f92519 elementor-widget elementor-widget-text-editor\" data-id=\"6f92519\" data-element_type=\"widget\" data-e-type=\"widget\" data-widget_type=\"text-editor.default\">\n\t\t\t\t<div class=\"elementor-widget-container\">\n\t\t\t\t\t\t\t\t\t<p>Social Media ver\u00e4ndert sich t\u00e4glich \u2013 neue Features, Algorithmus-Updates, Trends und Tools.<br \/>Damit du den \u00dcberblick beh\u00e4ltst, fassen wir hier die wichtigsten News aus der Welt von Pinterest, LinkedIn, TikTok, Instagram &amp; Co. kompakt f\u00fcr dich zusammen.<\/p>\t\t\t\t\t\t\t\t<\/div>\n\t\t\t\t<\/div>\n\t\t\t\t\t<\/div>\n\t\t<\/div>\n\t\t\t\t\t<\/div>\n\t\t<\/section>\n\t\t\t\t<section class=\"elementor-section elementor-top-section elementor-element elementor-element-ad73cba elementor-section-boxed elementor-section-height-default elementor-section-height-default\" data-id=\"ad73cba\" data-element_type=\"section\" data-e-type=\"section\" data-settings=\"{&quot;background_background&quot;:&quot;classic&quot;}\">\n\t\t\t\t\t\t<div class=\"elementor-container elementor-column-gap-default\">\n\t\t\t\t\t<div class=\"elementor-column elementor-col-100 elementor-top-column elementor-element elementor-element-997cbfc\" data-id=\"997cbfc\" data-element_type=\"column\" data-e-type=\"column\">\n\t\t\t<div class=\"elementor-widget-wrap elementor-element-populated\">\n\t\t\t\t\t\t<div class=\"elementor-element elementor-element-c64ade4 elementor-widget elementor-widget-spacer\" data-id=\"c64ade4\" data-element_type=\"widget\" data-e-type=\"widget\" data-widget_type=\"spacer.default\">\n\t\t\t\t<div class=\"elementor-widget-container\">\n\t\t\t\t\t\t\t<div class=\"elementor-spacer\">\n\t\t\t<div class=\"elementor-spacer-inner\"><\/div>\n\t\t<\/div>\n\t\t\t\t\t\t<\/div>\n\t\t\t\t<\/div>\n\t\t\t\t<div class=\"elementor-element elementor-element-1e93875 elementor-widget__width-initial elementor-widget elementor-widget-heading\" data-id=\"1e93875\" data-element_type=\"widget\" data-e-type=\"widget\" data-widget_type=\"heading.default\">\n\t\t\t\t<div class=\"elementor-widget-container\">\n\t\t\t\t\t<h3 class=\"elementor-heading-title elementor-size-default\">Social Media Updates &amp; Trends 2025<\/h3>\t\t\t\t<\/div>\n\t\t\t\t<\/div>\n\t\t\t\t\t<\/div>\n\t\t<\/div>\n\t\t\t\t\t<\/div>\n\t\t<\/section>\n\t\t\t\t<section class=\"elementor-section elementor-top-section elementor-element elementor-element-fb07514 elementor-section-boxed elementor-section-height-default elementor-section-height-default\" data-id=\"fb07514\" data-element_type=\"section\" data-e-type=\"section\" data-settings=\"{&quot;background_background&quot;:&quot;classic&quot;}\">\n\t\t\t\t\t\t<div class=\"elementor-container elementor-column-gap-default\">\n\t\t\t\t\t<div class=\"elementor-column elementor-col-100 elementor-top-column elementor-element elementor-element-0e56c77\" data-id=\"0e56c77\" data-element_type=\"column\" data-e-type=\"column\">\n\t\t\t<div class=\"elementor-widget-wrap elementor-element-populated\">\n\t\t\t\t\t\t<div class=\"elementor-element elementor-element-d8356b5 elementor-widget elementor-widget-timeline-widget-addon\" data-id=\"d8356b5\" data-element_type=\"widget\" data-e-type=\"widget\" data-widget_type=\"timeline-widget-addon.default\">\n\t\t\t\t<div class=\"elementor-widget-container\">\n\t\t\t\t\t<!-- ========= Timeline Widget Addon For Elementor 1.6.24 ========= -->\n<div id=\"twae-wrapper-d8356b5\" class=\"twae-vertical twae-wrapper  twae-both-sided\">   \n    <div class=\"twae-start\"><\/div>    \n    <div id=\"twea-timeline-d8356b5\" class=\"twae-timeline\" ><!-- Start of Story Repeater Content --><div id=\"story-244f9c1\" class=\"twae-story twae-repeater-item twae-story-right twae-story-no-icon\"><!-- Story Label --><div class=\"twae-labels\"><div class=\"twae-label-big\">11.10.205<\/div><\/div><!-- Story Icon --><div class=\"twae-icon\"><i aria-hidden=\"true\" class=\"fab fa-instagram\"><\/i><\/div><!-- Story Arrow --><div class=\"twae-arrow\"><\/div><!-- Start of Story Content --><div class=\"twae-content\"><!-- Story Title --><div class=\"twae-title\">Instagram testet KI-basierte Suche<\/div><!-- Story Description --><div class=\"twae-description\"><p>Instagram testet KI-gest\u00fctzte Suche: Die Plattform will k\u00fcnftig nicht nur Bilder erkennen, sondern auch den Kontext von Videos verstehen \u2013 \u00e4hnlich wie Pinterest. Ziel ist eine relevantere Suche und pr\u00e4zisere Content-Vorschl\u00e4ge.<\/p><\/div><\/div><\/div><!-- Start of Story Repeater Content --><div id=\"story-913a371\" class=\"twae-story twae-repeater-item twae-story-left twae-story-no-icon\"><!-- Story Label --><div class=\"twae-labels\"><div class=\"twae-label-big\">06.10.205<\/div><\/div><!-- Story Icon --><div class=\"twae-icon\"><i aria-hidden=\"true\" class=\"fab fa-instagram\"><\/i><\/div><!-- Story Arrow --><div class=\"twae-arrow\"><\/div><!-- Start of Story Content --><div class=\"twae-content\"><!-- Story Title --><div class=\"twae-title\">Instagram vergibt in Zukunft eigenen Award<\/div><!-- Story Description --><div class=\"twae-description\"><p>Instagram launcht die \"Rings\u201c-Awards, um besonders kreative Creator:innen zu w\u00fcrdigen. 25 Gewinner:innen werden am 16. Oktober ausgezeichnet \u2013 inklusive einem Ring, digitalem goldenen Rahmen ums Profilbild und eigenem \"Gef\u00e4llt mir\u201c-Button.<\/p><\/div><\/div><\/div><!-- Start of Story Repeater Content --><div id=\"story-acfbda8\" class=\"twae-story twae-repeater-item twae-story-right twae-story-no-icon\"><!-- Story Label --><div class=\"twae-labels\"><div class=\"twae-label-big\">02.10.205<\/div><\/div><!-- Story Icon --><div class=\"twae-icon\"><i aria-hidden=\"true\" class=\"fab fa-instagram\"><\/i><\/div><!-- Story Arrow --><div class=\"twae-arrow\"><\/div><!-- Start of Story Content --><div class=\"twae-content\"><!-- Story Title --><div class=\"twae-title\">Instagram Maps jetzt auch in Europa verf\u00fcgbar<\/div><!-- Story Description --><div class=\"twae-description\"><p>Instagram Maps ist jetzt auch in Europa verf\u00fcgbar. Nutzer k\u00f6nnen ihren Standort mit ausgew\u00e4hlten Freunden teilen \u2013 \u00fcber alle Follower, \"Close Friends\u201c oder individuelle Listen. Die Funktion ist standardm\u00e4\u00dfig aus und muss manuell aktiviert werden. Standort-Updates erfolgen nur, wenn die App aktiv ist.<\/p><\/div><\/div><\/div><!-- Start of Story Repeater Content --><div id=\"story-70a99e3\" class=\"twae-story twae-repeater-item twae-story-left twae-story-no-icon\"><!-- Story Label --><div class=\"twae-labels\"><div class=\"twae-label-big\">25.09.2025<\/div><\/div><!-- Story Icon --><div class=\"twae-icon\"><i aria-hidden=\"true\" class=\"fab fa-tiktok\"><\/i><\/div><!-- Story Arrow --><div class=\"twae-arrow\"><\/div><!-- Start of Story Content --><div class=\"twae-content\"><!-- Story Title --><div class=\"twae-title\">Meta testet KI-\u00dcbersetzungen f\u00fcr Reels<\/div><!-- Story Description --><div class=\"twae-description\"><p data-start=\"223\" data-end=\"544\">Meta testet ein neues KI-Tool, das Reels automatisch \u00fcbersetzt, vertont und per Lip-Sync anpasst. Creator:innen k\u00f6nnen ihre Videos so in Englisch, Spanisch, Hindi und Portugiesisch ver\u00f6ffentlichen \u2013 mit ihrer eigenen Stimme in anderer Sprache. Ziel: mehr Reichweite und barrierefreie Inhalte auf Instagram und Facebook.<\/p><\/div><\/div><\/div><!-- Start of Story Repeater Content --><div id=\"story-731a438\" class=\"twae-story twae-repeater-item twae-story-right twae-story-no-icon\"><!-- Story Label --><div class=\"twae-labels\"><div class=\"twae-label-big\">18.09.2025<\/div><\/div><!-- Story Icon --><div class=\"twae-icon\"><i aria-hidden=\"true\" class=\"fab fa-tiktok\"><\/i><\/div><!-- Story Arrow --><div class=\"twae-arrow\"><\/div><!-- Start of Story Content --><div class=\"twae-content\"><!-- Story Title --><div class=\"twae-title\">TikTok USA-Aus erneut verschoben \u2013 Zukunft weiter unklar<\/div><!-- Story Description --><div class=\"twae-description\"><p>Der TikTok-Deal in den USA wurde zum vierten Mal verschoben. Eine Einigung zwischen ByteDance, US-Investoren und der Regierung steht weiter aus. Das App-Aus ist nun f\u00fcr den 16. Dezember geplant.<\/p><\/div><\/div><\/div><!-- Start of Story Repeater Content --><div id=\"story-73d10a5\" class=\"twae-story twae-repeater-item twae-story-left twae-story-no-icon\"><!-- Story Label --><div class=\"twae-labels\"><div class=\"twae-label-big\">16.09.2025<\/div><\/div><!-- Story Icon --><div class=\"twae-icon\"><i aria-hidden=\"true\" class=\"fab fa-youtube\"><\/i><\/div><!-- Story Arrow --><div class=\"twae-arrow\"><\/div><!-- Start of Story Content --><div class=\"twae-content\"><!-- Story Title --><div class=\"twae-title\">YouTube f\u00fchrt automatische KI-\u00dcbersetzungen mit Lip-Sync f\u00fcr Videos ein<\/div><!-- Story Description --><div class=\"twae-description\"><p data-start=\"518\" data-end=\"658\">YouTube startet Voice-Cloning mit Lip-Sync f\u00fcr automatische Video\u00fcbersetzungen in 20 Sprachen. Damit sollen Inhalte zug\u00e4nglicher gemacht werden. Laut YouTube sehen Nutzer bereits jetzt \u00fcber 75 % ihrer Zeit synchronisierte Inhalte.<\/p><\/div><\/div><\/div><!-- Start of Story Repeater Content --><div id=\"story-31d50d1\" class=\"twae-story twae-repeater-item twae-story-right twae-story-no-icon\"><!-- Story Label --><div class=\"twae-labels\"><div class=\"twae-label-big\">10.09.2025<\/div><\/div><!-- Story Icon --><div class=\"twae-icon\"><i aria-hidden=\"true\" class=\"fab fa-facebook\"><\/i><\/div><!-- Story Arrow --><div class=\"twae-arrow\"><\/div><!-- Start of Story Content --><div class=\"twae-content\"><!-- Story Title --><div class=\"twae-title\">Facebook beendet Gruppenchat-Funktion<\/div><!-- Story Description --><div class=\"twae-description\"><p>Facebook stellt die Chat-Funktion innerhalb von Gruppen ein. Mitglieder k\u00f6nnen k\u00fcnftig nur noch \u00fcber regul\u00e4re Gruppen-Posts kommunizieren.<\/p><\/div><\/div><\/div><\/div>\n    <div class=\"twae-end\"><\/div>\n    <\/div><style type=\"text\/css\">@media (max-width: 1024px){ .twae-wrapper{--tw-ybx-size: 80px !important;}}@media (max-width: 767px){ .twae-wrapper{--tw-ybx-size: 80px !important}}<\/style>\t\t\t\t<\/div>\n\t\t\t\t<\/div>\n\t\t\t\t\t<\/div>\n\t\t<\/div>\n\t\t\t\t\t<\/div>\n\t\t<\/section>\n\t\t\t\t<\/div>\n\t\t","protected":false},"excerpt":{"rendered":"<p>Immer up to date bleiben Social Media News f\u00fcr dein Marketing Social Media ver\u00e4ndert sich t\u00e4glich \u2013 neue Features, Algorithmus-Updates, &#8230;<\/p>\n","protected":false},"author":2,"featured_media":0,"parent":0,"menu_order":0,"comment_status":"closed","ping_status":"closed","template":"page-elementor-page.php","meta":{"footnotes":""},"class_list":["post-5362","page","type-page","status-publish","hentry"],"yoast_head":"<!-- This site is optimized with the Yoast SEO plugin v27.5 - https:\/\/yoast.com\/product\/yoast-seo-wordpress\/ -->\n<title>Social Media News &#187; Haylight Media<\/title>\n<meta name=\"description\" content=\"Kostenlose Ressourcen und Tools f\u00fcr dein Marketing. Entdecke unsere Lieblingstools f\u00fcr 0 \u20ac auf marketingminded.de\" \/>\n<meta name=\"robots\" content=\"noindex, nofollow\" \/>\n<meta property=\"og:locale\" content=\"de_DE\" \/>\n<meta property=\"og:type\" content=\"article\" \/>\n<meta property=\"og:title\" content=\"Social Media News &#187; Haylight Media\" \/>\n<meta property=\"og:description\" content=\"Kostenlose Ressourcen und Tools f\u00fcr dein Marketing. Entdecke unsere Lieblingstools f\u00fcr 0 \u20ac auf marketingminded.de\" \/>\n<meta property=\"og:url\" content=\"https:\/\/haylight.media\/de\/social-media-news\/\" \/>\n<meta property=\"og:site_name\" content=\"Haylight Media\" \/>\n<meta property=\"article:publisher\" content=\"https:\/\/www.facebook.com\/babeswhomarket\/\" \/>\n<meta property=\"article:modified_time\" content=\"2025-10-12T08:59:41+00:00\" \/>\n<meta property=\"og:image\" content=\"https:\/\/haylight.media\/wp-content\/uploads\/2021\/10\/Newsletter.png\" \/>\n\t<meta property=\"og:image:width\" content=\"1080\" \/>\n\t<meta property=\"og:image:height\" content=\"1080\" \/>\n\t<meta property=\"og:image:type\" content=\"image\/png\" \/>\n<meta name=\"twitter:card\" content=\"summary_large_image\" \/>\n<meta name=\"twitter:label1\" content=\"Gesch\u00e4tzte Lesezeit\" \/>\n\t<meta name=\"twitter:data1\" content=\"7\u00a0Minuten\" \/>\n<script type=\"application\/ld+json\" class=\"yoast-schema-graph\">{\"@context\":\"https:\\\/\\\/schema.org\",\"@graph\":[{\"@type\":\"WebPage\",\"@id\":\"https:\\\/\\\/haylight.media\\\/de\\\/social-media-news\\\/\",\"url\":\"https:\\\/\\\/haylight.media\\\/de\\\/social-media-news\\\/\",\"name\":\"Social Media News &#187; Haylight Media\",\"isPartOf\":{\"@id\":\"https:\\\/\\\/haylight.media\\\/de\\\/#website\"},\"datePublished\":\"2025-10-12T08:24:47+00:00\",\"dateModified\":\"2025-10-12T08:59:41+00:00\",\"description\":\"Kostenlose Ressourcen und Tools f\u00fcr dein Marketing. Entdecke unsere Lieblingstools f\u00fcr 0 \u20ac auf marketingminded.de\",\"breadcrumb\":{\"@id\":\"https:\\\/\\\/haylight.media\\\/de\\\/social-media-news\\\/#breadcrumb\"},\"inLanguage\":\"de\",\"potentialAction\":[{\"@type\":\"ReadAction\",\"target\":[\"https:\\\/\\\/haylight.media\\\/de\\\/social-media-news\\\/\"]}]},{\"@type\":\"BreadcrumbList\",\"@id\":\"https:\\\/\\\/haylight.media\\\/de\\\/social-media-news\\\/#breadcrumb\",\"itemListElement\":[{\"@type\":\"ListItem\",\"position\":1,\"name\":\"Marketing-Blog\",\"item\":\"https:\\\/\\\/haylight.media\\\/de\\\/\"},{\"@type\":\"ListItem\",\"position\":2,\"name\":\"Social Media News\"}]},{\"@type\":\"WebSite\",\"@id\":\"https:\\\/\\\/haylight.media\\\/de\\\/#website\",\"url\":\"https:\\\/\\\/haylight.media\\\/de\\\/\",\"name\":\"Haylight Media\",\"description\":\"Mit Marketing eine Stimme bekommen\",\"publisher\":{\"@id\":\"https:\\\/\\\/haylight.media\\\/de\\\/#organization\"},\"potentialAction\":[{\"@type\":\"SearchAction\",\"target\":{\"@type\":\"EntryPoint\",\"urlTemplate\":\"https:\\\/\\\/haylight.media\\\/de\\\/?s={search_term_string}\"},\"query-input\":{\"@type\":\"PropertyValueSpecification\",\"valueRequired\":true,\"valueName\":\"search_term_string\"}}],\"inLanguage\":\"de\"},{\"@type\":\"Organization\",\"@id\":\"https:\\\/\\\/haylight.media\\\/de\\\/#organization\",\"name\":\"Marketing Minded\",\"url\":\"https:\\\/\\\/haylight.media\\\/de\\\/\",\"logo\":{\"@type\":\"ImageObject\",\"inLanguage\":\"de\",\"@id\":\"https:\\\/\\\/haylight.media\\\/de\\\/#\\\/schema\\\/logo\\\/image\\\/\",\"url\":\"https:\\\/\\\/haylight.media\\\/wp-content\\\/uploads\\\/2025\\\/08\\\/haylightmedia_website-logo.png\",\"contentUrl\":\"https:\\\/\\\/haylight.media\\\/wp-content\\\/uploads\\\/2025\\\/08\\\/haylightmedia_website-logo.png\",\"width\":1326,\"height\":300,\"caption\":\"Marketing Minded\"},\"image\":{\"@id\":\"https:\\\/\\\/haylight.media\\\/de\\\/#\\\/schema\\\/logo\\\/image\\\/\"},\"sameAs\":[\"https:\\\/\\\/www.facebook.com\\\/babeswhomarket\\\/\",\"https:\\\/\\\/www.instagram.com\\\/_marketingminded\\\/\",\"https:\\\/\\\/www.linkedin.com\\\/in\\\/charleenhay\\\/\",\"https:\\\/\\\/www.pinterest.de\\\/marketingminded\\\/_created\\\/\"]}]}<\/script>\n<!-- \/ Yoast SEO plugin. -->","yoast_head_json":{"title":"Social Media News &#187; Haylight Media","description":"Kostenlose Ressourcen und Tools f\u00fcr dein Marketing. Entdecke unsere Lieblingstools f\u00fcr 0 \u20ac auf marketingminded.de","robots":{"index":"noindex","follow":"nofollow"},"og_locale":"de_DE","og_type":"article","og_title":"Social Media News &#187; Haylight Media","og_description":"Kostenlose Ressourcen und Tools f\u00fcr dein Marketing. Entdecke unsere Lieblingstools f\u00fcr 0 \u20ac auf marketingminded.de","og_url":"https:\/\/haylight.media\/de\/social-media-news\/","og_site_name":"Haylight Media","article_publisher":"https:\/\/www.facebook.com\/babeswhomarket\/","article_modified_time":"2025-10-12T08:59:41+00:00","og_image":[{"width":1080,"height":1080,"url":"https:\/\/haylight.media\/wp-content\/uploads\/2021\/10\/Newsletter.png","type":"image\/png"}],"twitter_card":"summary_large_image","twitter_misc":{"Gesch\u00e4tzte Lesezeit":"7\u00a0Minuten"},"schema":{"@context":"https:\/\/schema.org","@graph":[{"@type":"WebPage","@id":"https:\/\/haylight.media\/de\/social-media-news\/","url":"https:\/\/haylight.media\/de\/social-media-news\/","name":"Social Media News &#187; Haylight Media","isPartOf":{"@id":"https:\/\/haylight.media\/de\/#website"},"datePublished":"2025-10-12T08:24:47+00:00","dateModified":"2025-10-12T08:59:41+00:00","description":"Kostenlose Ressourcen und Tools f\u00fcr dein Marketing. Entdecke unsere Lieblingstools f\u00fcr 0 \u20ac auf marketingminded.de","breadcrumb":{"@id":"https:\/\/haylight.media\/de\/social-media-news\/#breadcrumb"},"inLanguage":"de","potentialAction":[{"@type":"ReadAction","target":["https:\/\/haylight.media\/de\/social-media-news\/"]}]},{"@type":"BreadcrumbList","@id":"https:\/\/haylight.media\/de\/social-media-news\/#breadcrumb","itemListElement":[{"@type":"ListItem","position":1,"name":"Marketing-Blog","item":"https:\/\/haylight.media\/de\/"},{"@type":"ListItem","position":2,"name":"Social Media News"}]},{"@type":"WebSite","@id":"https:\/\/haylight.media\/de\/#website","url":"https:\/\/haylight.media\/de\/","name":"Haylight Media","description":"Mit Marketing eine Stimme bekommen","publisher":{"@id":"https:\/\/haylight.media\/de\/#organization"},"potentialAction":[{"@type":"SearchAction","target":{"@type":"EntryPoint","urlTemplate":"https:\/\/haylight.media\/de\/?s={search_term_string}"},"query-input":{"@type":"PropertyValueSpecification","valueRequired":true,"valueName":"search_term_string"}}],"inLanguage":"de"},{"@type":"Organization","@id":"https:\/\/haylight.media\/de\/#organization","name":"Marketing Minded","url":"https:\/\/haylight.media\/de\/","logo":{"@type":"ImageObject","inLanguage":"de","@id":"https:\/\/haylight.media\/de\/#\/schema\/logo\/image\/","url":"https:\/\/haylight.media\/wp-content\/uploads\/2025\/08\/haylightmedia_website-logo.png","contentUrl":"https:\/\/haylight.media\/wp-content\/uploads\/2025\/08\/haylightmedia_website-logo.png","width":1326,"height":300,"caption":"Marketing Minded"},"image":{"@id":"https:\/\/haylight.media\/de\/#\/schema\/logo\/image\/"},"sameAs":["https:\/\/www.facebook.com\/babeswhomarket\/","https:\/\/www.instagram.com\/_marketingminded\/","https:\/\/www.linkedin.com\/in\/charleenhay\/","https:\/\/www.pinterest.de\/marketingminded\/_created\/"]}]}},"_links":{"self":[{"href":"https:\/\/haylight.media\/de\/wp-json\/wp\/v2\/pages\/5362","targetHints":{"allow":["GET"]}}],"collection":[{"href":"https:\/\/haylight.media\/de\/wp-json\/wp\/v2\/pages"}],"about":[{"href":"https:\/\/haylight.media\/de\/wp-json\/wp\/v2\/types\/page"}],"author":[{"embeddable":true,"href":"https:\/\/haylight.media\/de\/wp-json\/wp\/v2\/users\/2"}],"replies":[{"embeddable":true,"href":"https:\/\/haylight.media\/de\/wp-json\/wp\/v2\/comments?post=5362"}],"version-history":[{"count":21,"href":"https:\/\/haylight.media\/de\/wp-json\/wp\/v2\/pages\/5362\/revisions"}],"predecessor-version":[{"id":5387,"href":"https:\/\/haylight.media\/de\/wp-json\/wp\/v2\/pages\/5362\/revisions\/5387"}],"wp:attachment":[{"href":"https:\/\/haylight.media\/de\/wp-json\/wp\/v2\/media?parent=5362"}],"curies":[{"name":"wp","href":"https:\/\/api.w.org\/{rel}","templated":true}]}}