{"id":1110,"date":"2020-11-20T14:30:19","date_gmt":"2020-11-20T13:30:19","guid":{"rendered":"https:\/\/babeswhomarket.de\/?page_id=1110"},"modified":"2025-07-21T20:41:12","modified_gmt":"2025-07-21T18:41:12","slug":"impressum","status":"publish","type":"page","link":"https:\/\/haylight.media\/de\/impressum\/","title":{"rendered":"Impressum &#8211; Elementor"},"content":{"rendered":"\t\t<div data-elementor-type=\"wp-page\" data-elementor-id=\"1110\" class=\"elementor elementor-1110\" data-elementor-post-type=\"page\">\n\t\t\t\t\t\t<section class=\"elementor-section elementor-top-section elementor-element elementor-element-1ad83567 elementor-section-full_width elementor-section-height-default elementor-section-height-default\" data-id=\"1ad83567\" data-element_type=\"section\" data-e-type=\"section\" data-settings=\"{&quot;background_background&quot;:&quot;classic&quot;}\">\n\t\t\t\t\t\t<div class=\"elementor-container elementor-column-gap-default\">\n\t\t\t\t\t<div class=\"elementor-column elementor-col-100 elementor-top-column elementor-element elementor-element-7d4d60d8\" data-id=\"7d4d60d8\" data-element_type=\"column\" data-e-type=\"column\">\n\t\t\t<div class=\"elementor-widget-wrap elementor-element-populated\">\n\t\t\t\t\t\t<section class=\"elementor-section elementor-inner-section elementor-element elementor-element-2f2802e0 elementor-section-boxed elementor-section-height-default elementor-section-height-default\" data-id=\"2f2802e0\" data-element_type=\"section\" data-e-type=\"section\">\n\t\t\t\t\t\t<div class=\"elementor-container elementor-column-gap-default\">\n\t\t\t\t\t<div class=\"elementor-column elementor-col-100 elementor-inner-column elementor-element elementor-element-780724d3\" data-id=\"780724d3\" data-element_type=\"column\" data-e-type=\"column\">\n\t\t\t<div class=\"elementor-widget-wrap elementor-element-populated\">\n\t\t\t\t\t\t<div class=\"elementor-element elementor-element-1b7a0ab8 elementor-widget elementor-widget-heading\" data-id=\"1b7a0ab8\" data-element_type=\"widget\" data-e-type=\"widget\" data-widget_type=\"heading.default\">\n\t\t\t\t<div class=\"elementor-widget-container\">\n\t\t\t\t\t<h2 class=\"elementor-heading-title elementor-size-default\">Impressum<\/h2>\t\t\t\t<\/div>\n\t\t\t\t<\/div>\n\t\t\t\t<div class=\"elementor-element elementor-element-7a095889 elementor-widget elementor-widget-text-editor\" data-id=\"7a095889\" data-element_type=\"widget\" data-e-type=\"widget\" data-widget_type=\"text-editor.default\">\n\t\t\t\t<div class=\"elementor-widget-container\">\n\t\t\t\t\t\t\t\t\t<p>Dieses Impressum gilt f\u00fcr die Internetseite www.haylight.media sowie die marketingminded-Kan\u00e4le auf Instagram, Facebook und Pinterest.<\/p>\n<p>MarketingMinded ist eine Marke von <span class=\"OYPEnA font-feature-liga-off font-feature-clig-off font-feature-calt-off text-decoration-none text-strikethrough-none\">Ha\u00ffThere! Studios<\/span><\/p>\n<h2>Angaben gem\u00e4\u00df \u00a7 5 TMG<\/h2>\n<p>Ha\u00ffThere! Studios<br>Charleen Hay<br>Bahnhofstra\u00dfe 6a<br>35435 Wettenberg<\/p>\n<h2>Kontakt<\/h2>\n<p>Telefon: +49 1511 6309428<br>E-Mail: hey (at) marketingminded (dot) de<\/p>\n<p><strong>Verantwortlich f\u00fcr den Inhalt nach \u00a755 Abs. 2 RStV.<\/strong><br>Charleen Hay (Anschrift s.o.)<\/p>\n<h2>EU-Streitschlichtung<\/h2>\n<p>Die Europ\u00e4ische Kommission stellt eine Plattform zur Online-Streitbeilegung (OS) bereit: <a href=\"https:\/\/ec.europa.eu\/consumers\/odr\" target=\"_blank\" rel=\"noopener noreferrer\">https:\/\/ec.europa.eu\/consumers\/odr<\/a>. Unsere E-Mail-Adresse finden Sie oben im Impressum.<\/p>\n<p>Wir sind nicht bereit oder verpflichtet, an Streitbeilegungsverfahren vor einer Verbraucherschlichtungsstelle teilzunehmen.<\/p>\n<h3>Rechtliche Hinweise<\/h3>\n<p>Wir bem\u00fchen uns unser Informationsangebot, auf unserer Website www.haylight.media, sowie den dazugeh\u00f6rigen Kan\u00e4len in den sozialen Medien, aktuell, inhaltlich richtig sowie vollst\u00e4ndig anzubieten. Eine Garantie oder Haftung f\u00fcr die Aktualit\u00e4t, Richtigkeit und Vollst\u00e4ndigkeit der zur Verf\u00fcgung gestellten Informationen und Daten ist ausgeschlossen. Dar\u00fcber hinaus haften wir weder f\u00fcr direkte noch indirekte Sch\u00e4den oder Folgesch\u00e4den die angeblich durch die Nutzung der auf www.haylight.media sowie den dazugeh\u00f6rigen marketingminded-Kan\u00e4len auf Facebook, Instagram und Pinterest bereitgestellten Informationen entstehen.<\/p>\n<p>Sofern innerhalb des Internetangebotes die M\u00f6glichkeit zur Eingabe pers\u00f6nlicher oder gesch\u00e4ftlicher Daten (E-Mail-Adressen, Namen, Anschriften) besteht, so erfolgt die Preisgabe dieser Daten seitens des Nutzers auf ausdr\u00fccklich freiwilliger Basis.<\/p>\n<h3>Haftung f\u00fcr Inhalte<\/h3>\n<p>Als Diensteanbieter sind wir gem\u00e4\u00df \u00a7 7 Abs.1 TMG f\u00fcr eigene Inhalte auf diesen Seiten nach den allgemeinen Gesetzen verantwortlich. Nach \u00a7\u00a7 8 bis 10 TMG sind wir als Diensteanbieter jedoch nicht verpflichtet, \u00fcbermittelte oder gespeicherte fremde Informationen zu \u00fcberwachen oder nach Umst\u00e4nden zu forschen, die auf eine rechtswidrige T\u00e4tigkeit hinweisen.<\/p>\n<p>Verpflichtungen zur Entfernung oder Sperrung der Nutzung von Informationen nach den allgemeinen Gesetzen bleiben hiervon unber\u00fchrt. Eine diesbez\u00fcgliche Haftung ist jedoch erst ab dem Zeitpunkt der Kenntnis einer konkreten Rechtsverletzung m\u00f6glich. Bei Bekanntwerden von entsprechenden Rechtsverletzungen werden wir diese Inhalte umgehend entfernen.<\/p>\n<h3>Haftung f\u00fcr Links<\/h3>\n<p>Unser Angebot enth\u00e4lt Links zu externen Webseiten Dritter, auf deren Inhalte wir keinen Einfluss haben. Wir haben au\u00dferdem keinen Einfluss darauf, dass diese Anbieter die Datenschutzbestimmungen einhalten. Deshalb k\u00f6nnen wir f\u00fcr diese fremden Inhalte auch keine Gew\u00e4hr \u00fcbernehmen. F\u00fcr die Inhalte der verlinkten Seiten ist stets der jeweilige Anbieter oder Betreiber der Seiten verantwortlich. Die verlinkten Seiten wurden zum Zeitpunkt der Verlinkung auf m\u00f6gliche Rechtsverst\u00f6\u00dfe \u00fcberpr\u00fcft. Rechtswidrige Inhalte waren zum Zeitpunkt der Verlinkung nicht erkennbar.<\/p>\n<p>Eine permanente inhaltliche Kontrolle der verlinkten Seiten ist jedoch ohne konkrete Anhaltspunkte einer Rechtsverletzung nicht zumutbar. Bei Bekanntwerden von Rechtsverletzungen werden wir derartige Links umgehend entfernen.<\/p>\n<h3>Urheberrecht und Bildnachweise<\/h3>\n<p>Die durch die Seitenbetreiber erstellten Inhalte und Werke auf&nbsp; www.haylight.media sowie auf Instagram, Facebook und Pinterest unterliegen dem deutschen Urheberrecht. Die Vervielf\u00e4ltigung, Bearbeitung, Verbreitung und jede Art der Verwertung au\u00dferhalb der Grenzen des Urheberrechtes bed\u00fcrfen der schriftlichen Zustimmung des jeweiligen Autors bzw. Erstellers. Downloads und Kopien dieser Seite(n) sind nur f\u00fcr den privaten, nicht kommerziellen Gebrauch gestattet.<\/p>\n<p>Soweit die Inhalte auf dieser Seite nicht vom Betreiber erstellt wurden, werden die Urheberrechte Dritter beachtet. Insbesondere werden Inhalte Dritter als solche gekennzeichnet. Sollten Sie trotzdem auf eine Urheberrechtsverletzung aufmerksam werden, bitten wir um einen entsprechenden Hinweis. Bei Bekanntwerden von Rechtsverletzungen werden wir derartige Inhalte umgehend entfernen.<\/p>\n<h3>Widerspruch gegen Werbe-Mails<\/h3>\n<p>Der Nutzung von im Rahmen der Impressumspflicht ver\u00f6ffentlichten Kontaktdaten zur \u00dcbersendung von nicht ausdr\u00fccklich angeforderter Werbung und Informationsmaterialien wird hiermit widersprochen. Die Betreiber der Seiten behalten sich ausdr\u00fccklich rechtliche Schritte im Falle der unverlangten Zusendung von Werbeinformationen, etwa durch Spam-E-Mails vor.<\/p>\n<p>Quelle: <a href=\"https:\/\/www.e-recht24.de\">https:\/\/www.e-recht24.d<\/a><\/p>\t\t\t\t\t\t\t\t<\/div>\n\t\t\t\t<\/div>\n\t\t\t\t\t<\/div>\n\t\t<\/div>\n\t\t\t\t\t<\/div>\n\t\t<\/section>\n\t\t\t\t\t<\/div>\n\t\t<\/div>\n\t\t\t\t\t<\/div>\n\t\t<\/section>\n\t\t\t\t<\/div>\n\t\t","protected":false},"excerpt":{"rendered":"<p>Impressum Dieses Impressum gilt f\u00fcr die Internetseite www.haylight.media sowie die marketingminded-Kan\u00e4le auf Instagram, Facebook und Pinterest. MarketingMinded ist eine Marke &#8230;<\/p>\n","protected":false},"author":2,"featured_media":0,"parent":0,"menu_order":0,"comment_status":"closed","ping_status":"closed","template":"page-elementor-page.php","meta":{"footnotes":""},"class_list":["post-1110","page","type-page","status-publish","hentry"],"yoast_head":"<!-- This site is optimized with the Yoast SEO plugin v27.5 - https:\/\/yoast.com\/product\/yoast-seo-wordpress\/ -->\n<title>Impressum &#187; Haylight Media<\/title>\n<meta name=\"description\" content=\"Rechtliches &amp; Co. Hier findest du das Impressum von Marketing Minded.\" \/>\n<meta name=\"robots\" content=\"noindex, nofollow\" \/>\n<meta property=\"og:locale\" content=\"de_DE\" \/>\n<meta property=\"og:type\" content=\"article\" \/>\n<meta property=\"og:title\" content=\"Impressum &#187; Haylight Media\" \/>\n<meta property=\"og:description\" content=\"Rechtliches &amp; Co. Hier findest du das Impressum von Marketing Minded.\" \/>\n<meta property=\"og:url\" content=\"https:\/\/haylight.media\/de\/impressum\/\" \/>\n<meta property=\"og:site_name\" content=\"Haylight Media\" \/>\n<meta property=\"article:publisher\" content=\"https:\/\/www.facebook.com\/babeswhomarket\/\" \/>\n<meta property=\"article:modified_time\" content=\"2025-07-21T18:41:12+00:00\" \/>\n<meta property=\"og:image\" content=\"https:\/\/haylight.media\/wp-content\/uploads\/2021\/10\/Newsletter.png\" \/>\n\t<meta property=\"og:image:width\" content=\"1080\" \/>\n\t<meta property=\"og:image:height\" content=\"1080\" \/>\n\t<meta property=\"og:image:type\" content=\"image\/png\" \/>\n<meta name=\"twitter:card\" content=\"summary_large_image\" \/>\n<meta name=\"twitter:label1\" content=\"Gesch\u00e4tzte Lesezeit\" \/>\n\t<meta name=\"twitter:data1\" content=\"4\u00a0Minuten\" \/>\n<script type=\"application\/ld+json\" class=\"yoast-schema-graph\">{\"@context\":\"https:\\\/\\\/schema.org\",\"@graph\":[{\"@type\":\"WebPage\",\"@id\":\"https:\\\/\\\/haylight.media\\\/de\\\/impressum\\\/\",\"url\":\"https:\\\/\\\/haylight.media\\\/de\\\/impressum\\\/\",\"name\":\"Impressum &#187; Haylight Media\",\"isPartOf\":{\"@id\":\"https:\\\/\\\/haylight.media\\\/de\\\/#website\"},\"datePublished\":\"2020-11-20T13:30:19+00:00\",\"dateModified\":\"2025-07-21T18:41:12+00:00\",\"description\":\"Rechtliches & Co. Hier findest du das Impressum von Marketing Minded.\",\"breadcrumb\":{\"@id\":\"https:\\\/\\\/haylight.media\\\/de\\\/impressum\\\/#breadcrumb\"},\"inLanguage\":\"de\",\"potentialAction\":[{\"@type\":\"ReadAction\",\"target\":[\"https:\\\/\\\/haylight.media\\\/de\\\/impressum\\\/\"]}]},{\"@type\":\"BreadcrumbList\",\"@id\":\"https:\\\/\\\/haylight.media\\\/de\\\/impressum\\\/#breadcrumb\",\"itemListElement\":[{\"@type\":\"ListItem\",\"position\":1,\"name\":\"Marketing-Blog\",\"item\":\"https:\\\/\\\/haylight.media\\\/de\\\/\"},{\"@type\":\"ListItem\",\"position\":2,\"name\":\"Impressum &#8211; Elementor\"}]},{\"@type\":\"WebSite\",\"@id\":\"https:\\\/\\\/haylight.media\\\/de\\\/#website\",\"url\":\"https:\\\/\\\/haylight.media\\\/de\\\/\",\"name\":\"Haylight Media\",\"description\":\"Mit Marketing eine Stimme bekommen\",\"publisher\":{\"@id\":\"https:\\\/\\\/haylight.media\\\/de\\\/#organization\"},\"potentialAction\":[{\"@type\":\"SearchAction\",\"target\":{\"@type\":\"EntryPoint\",\"urlTemplate\":\"https:\\\/\\\/haylight.media\\\/de\\\/?s={search_term_string}\"},\"query-input\":{\"@type\":\"PropertyValueSpecification\",\"valueRequired\":true,\"valueName\":\"search_term_string\"}}],\"inLanguage\":\"de\"},{\"@type\":\"Organization\",\"@id\":\"https:\\\/\\\/haylight.media\\\/de\\\/#organization\",\"name\":\"Marketing Minded\",\"url\":\"https:\\\/\\\/haylight.media\\\/de\\\/\",\"logo\":{\"@type\":\"ImageObject\",\"inLanguage\":\"de\",\"@id\":\"https:\\\/\\\/haylight.media\\\/de\\\/#\\\/schema\\\/logo\\\/image\\\/\",\"url\":\"https:\\\/\\\/haylight.media\\\/wp-content\\\/uploads\\\/2025\\\/08\\\/haylightmedia_website-logo.png\",\"contentUrl\":\"https:\\\/\\\/haylight.media\\\/wp-content\\\/uploads\\\/2025\\\/08\\\/haylightmedia_website-logo.png\",\"width\":1326,\"height\":300,\"caption\":\"Marketing Minded\"},\"image\":{\"@id\":\"https:\\\/\\\/haylight.media\\\/de\\\/#\\\/schema\\\/logo\\\/image\\\/\"},\"sameAs\":[\"https:\\\/\\\/www.facebook.com\\\/babeswhomarket\\\/\",\"https:\\\/\\\/www.instagram.com\\\/_marketingminded\\\/\",\"https:\\\/\\\/www.linkedin.com\\\/in\\\/charleenhay\\\/\",\"https:\\\/\\\/www.pinterest.de\\\/marketingminded\\\/_created\\\/\"]}]}<\/script>\n<!-- \/ Yoast SEO plugin. -->","yoast_head_json":{"title":"Impressum &#187; Haylight Media","description":"Rechtliches & Co. Hier findest du das Impressum von Marketing Minded.","robots":{"index":"noindex","follow":"nofollow"},"og_locale":"de_DE","og_type":"article","og_title":"Impressum &#187; Haylight Media","og_description":"Rechtliches & Co. Hier findest du das Impressum von Marketing Minded.","og_url":"https:\/\/haylight.media\/de\/impressum\/","og_site_name":"Haylight Media","article_publisher":"https:\/\/www.facebook.com\/babeswhomarket\/","article_modified_time":"2025-07-21T18:41:12+00:00","og_image":[{"width":1080,"height":1080,"url":"https:\/\/haylight.media\/wp-content\/uploads\/2021\/10\/Newsletter.png","type":"image\/png"}],"twitter_card":"summary_large_image","twitter_misc":{"Gesch\u00e4tzte Lesezeit":"4\u00a0Minuten"},"schema":{"@context":"https:\/\/schema.org","@graph":[{"@type":"WebPage","@id":"https:\/\/haylight.media\/de\/impressum\/","url":"https:\/\/haylight.media\/de\/impressum\/","name":"Impressum &#187; Haylight Media","isPartOf":{"@id":"https:\/\/haylight.media\/de\/#website"},"datePublished":"2020-11-20T13:30:19+00:00","dateModified":"2025-07-21T18:41:12+00:00","description":"Rechtliches & Co. Hier findest du das Impressum von Marketing Minded.","breadcrumb":{"@id":"https:\/\/haylight.media\/de\/impressum\/#breadcrumb"},"inLanguage":"de","potentialAction":[{"@type":"ReadAction","target":["https:\/\/haylight.media\/de\/impressum\/"]}]},{"@type":"BreadcrumbList","@id":"https:\/\/haylight.media\/de\/impressum\/#breadcrumb","itemListElement":[{"@type":"ListItem","position":1,"name":"Marketing-Blog","item":"https:\/\/haylight.media\/de\/"},{"@type":"ListItem","position":2,"name":"Impressum &#8211; Elementor"}]},{"@type":"WebSite","@id":"https:\/\/haylight.media\/de\/#website","url":"https:\/\/haylight.media\/de\/","name":"Haylight Media","description":"Mit Marketing eine Stimme bekommen","publisher":{"@id":"https:\/\/haylight.media\/de\/#organization"},"potentialAction":[{"@type":"SearchAction","target":{"@type":"EntryPoint","urlTemplate":"https:\/\/haylight.media\/de\/?s={search_term_string}"},"query-input":{"@type":"PropertyValueSpecification","valueRequired":true,"valueName":"search_term_string"}}],"inLanguage":"de"},{"@type":"Organization","@id":"https:\/\/haylight.media\/de\/#organization","name":"Marketing Minded","url":"https:\/\/haylight.media\/de\/","logo":{"@type":"ImageObject","inLanguage":"de","@id":"https:\/\/haylight.media\/de\/#\/schema\/logo\/image\/","url":"https:\/\/haylight.media\/wp-content\/uploads\/2025\/08\/haylightmedia_website-logo.png","contentUrl":"https:\/\/haylight.media\/wp-content\/uploads\/2025\/08\/haylightmedia_website-logo.png","width":1326,"height":300,"caption":"Marketing Minded"},"image":{"@id":"https:\/\/haylight.media\/de\/#\/schema\/logo\/image\/"},"sameAs":["https:\/\/www.facebook.com\/babeswhomarket\/","https:\/\/www.instagram.com\/_marketingminded\/","https:\/\/www.linkedin.com\/in\/charleenhay\/","https:\/\/www.pinterest.de\/marketingminded\/_created\/"]}]}},"_links":{"self":[{"href":"https:\/\/haylight.media\/de\/wp-json\/wp\/v2\/pages\/1110","targetHints":{"allow":["GET"]}}],"collection":[{"href":"https:\/\/haylight.media\/de\/wp-json\/wp\/v2\/pages"}],"about":[{"href":"https:\/\/haylight.media\/de\/wp-json\/wp\/v2\/types\/page"}],"author":[{"embeddable":true,"href":"https:\/\/haylight.media\/de\/wp-json\/wp\/v2\/users\/2"}],"replies":[{"embeddable":true,"href":"https:\/\/haylight.media\/de\/wp-json\/wp\/v2\/comments?post=1110"}],"version-history":[{"count":0,"href":"https:\/\/haylight.media\/de\/wp-json\/wp\/v2\/pages\/1110\/revisions"}],"wp:attachment":[{"href":"https:\/\/haylight.media\/de\/wp-json\/wp\/v2\/media?parent=1110"}],"curies":[{"name":"wp","href":"https:\/\/api.w.org\/{rel}","templated":true}]}}